{"id":19,"date":"2025-03-25T14:19:53","date_gmt":"2025-03-25T14:19:53","guid":{"rendered":"https:\/\/nexoneer.at\/?page_id=19"},"modified":"2025-05-05T17:45:20","modified_gmt":"2025-05-05T17:45:20","slug":"team","status":"publish","type":"page","link":"https:\/\/nexoneer.at\/en\/team\/","title":{"rendered":"About us"},"content":{"rendered":"<div data-elementor-type=\"wp-page\" data-elementor-id=\"19\" class=\"elementor elementor-19\">\n\t\t\t\t<div class=\"elementor-element elementor-element-62c6143 e-con-full e-flex e-con e-parent\" data-id=\"62c6143\" data-element_type=\"container\" data-e-type=\"container\" data-settings=\"{&quot;background_background&quot;:&quot;classic&quot;}\">\n\t\t\t\t<div class=\"elementor-element elementor-element-2629dd4 elementor-widget elementor-widget-heading\" data-id=\"2629dd4\" data-element_type=\"widget\" data-e-type=\"widget\" data-widget_type=\"heading.default\">\n\t\t\t\t<div class=\"elementor-widget-container\">\n\t\t\t\t\t<h1 class=\"elementor-heading-title elementor-size-default\">About us<\/h1>\t\t\t\t<\/div>\n\t\t\t\t<\/div>\n\t\t<div class=\"elementor-element elementor-element-df809ac e-con-full e-flex e-con e-child\" data-id=\"df809ac\" data-element_type=\"container\" data-e-type=\"container\">\n\t\t\t\t<div class=\"elementor-element elementor-element-d3ec2bd overlay-top elementor-widget elementor-widget-image\" data-id=\"d3ec2bd\" data-element_type=\"widget\" data-e-type=\"widget\" data-widget_type=\"image.default\">\n\t\t\t\t<div class=\"elementor-widget-container\">\n\t\t\t\t\t\t\t\t\t\t\t\t\t\t\t<img fetchpriority=\"high\" decoding=\"async\" width=\"800\" height=\"534\" src=\"https:\/\/nexoneer.at\/wp-content\/uploads\/2025\/04\/Quality.jpg\" class=\"attachment-large size-large wp-image-2363\" alt=\"\" srcset=\"https:\/\/nexoneer.at\/wp-content\/uploads\/2025\/04\/Quality.jpg 925w, https:\/\/nexoneer.at\/wp-content\/uploads\/2025\/04\/Quality-300x200.jpg 300w, https:\/\/nexoneer.at\/wp-content\/uploads\/2025\/04\/Quality-768x512.jpg 768w, https:\/\/nexoneer.at\/wp-content\/uploads\/2025\/04\/Quality-18x12.jpg 18w\" sizes=\"(max-width: 800px) 100vw, 800px\" \/>\t\t\t\t\t\t\t\t\t\t\t\t\t\t\t<\/div>\n\t\t\t\t<\/div>\n\t\t\t\t<\/div>\n\t\t\t\t<\/div>\n\t\t<div class=\"elementor-element elementor-element-da817e6 e-con-full e-flex e-con e-parent\" data-id=\"da817e6\" data-element_type=\"container\" data-e-type=\"container\" data-settings=\"{&quot;background_background&quot;:&quot;classic&quot;}\">\n\t\t<div class=\"elementor-element elementor-element-2558186 e-flex e-con-boxed e-con e-child\" data-id=\"2558186\" data-element_type=\"container\" data-e-type=\"container\" data-settings=\"{&quot;background_background&quot;:&quot;classic&quot;}\">\n\t\t\t\t\t<div class=\"e-con-inner\">\n\t\t<div class=\"elementor-element elementor-element-9daccb4 e-con-full e-flex e-con e-child\" data-id=\"9daccb4\" data-element_type=\"container\" data-e-type=\"container\" data-settings=\"{&quot;background_background&quot;:&quot;classic&quot;}\">\n\t\t<div class=\"elementor-element elementor-element-81acd7a e-con-full e-flex e-con e-child\" data-id=\"81acd7a\" data-element_type=\"container\" data-e-type=\"container\">\n\t\t\t\t<div class=\"elementor-element elementor-element-87d5220 elementor-widget elementor-widget-text-editor\" data-id=\"87d5220\" data-element_type=\"widget\" data-e-type=\"widget\" data-widget_type=\"text-editor.default\">\n\t\t\t\t<div class=\"elementor-widget-container\">\n\t\t\t\t\t\t\t\t\t<p>01<\/p>\t\t\t\t\t\t\t\t<\/div>\n\t\t\t\t<\/div>\n\t\t\t\t<div class=\"elementor-element elementor-element-d67c6a1 elementor-widget elementor-widget-html\" data-id=\"d67c6a1\" data-element_type=\"widget\" data-e-type=\"widget\" data-widget_type=\"html.default\">\n\t\t\t\t<div class=\"elementor-widget-container\">\n\t\t\t\t\t<div style=\"width: 2px; height:75px; background: #626B71; margin: 0 auto;\"><\/div>\t\t\t\t<\/div>\n\t\t\t\t<\/div>\n\t\t\t\t<\/div>\n\t\t<div class=\"elementor-element elementor-element-4edca33 e-con-full e-flex e-con e-child\" data-id=\"4edca33\" data-element_type=\"container\" data-e-type=\"container\">\n\t\t\t\t<div class=\"elementor-element elementor-element-66b8ff8 elementor-widget elementor-widget-heading\" data-id=\"66b8ff8\" data-element_type=\"widget\" data-e-type=\"widget\" data-widget_type=\"heading.default\">\n\t\t\t\t<div class=\"elementor-widget-container\">\n\t\t\t\t\t<h3 class=\"elementor-heading-title elementor-size-default\">Our Team\n<\/h3>\t\t\t\t<\/div>\n\t\t\t\t<\/div>\n\t\t\t\t<div class=\"elementor-element elementor-element-bf9a4cc elementor-widget elementor-widget-text-editor\" data-id=\"bf9a4cc\" data-element_type=\"widget\" data-e-type=\"widget\" data-widget_type=\"text-editor.default\">\n\t\t\t\t<div class=\"elementor-widget-container\">\n\t\t\t\t\t\t\t\t\t<p>Our experts bring experience, passion and expertise to the table - and work every day to create innovative solutions. Together, we stand for quality, reliability, and partnership-based cooperation.<\/p>\t\t\t\t\t\t\t\t<\/div>\n\t\t\t\t<\/div>\n\t\t\t\t<div class=\"elementor-element elementor-element-962bb3a text-button elementor-widget elementor-widget-text-editor\" data-id=\"962bb3a\" data-element_type=\"widget\" data-e-type=\"widget\" data-no-translation=\"\" data-widget_type=\"text-editor.default\">\n\t\t\t\t<div class=\"elementor-widget-container\">\n\t\t\t\t\t<style>.elementor-element-962bb3a{display:none !important}<\/style>\t\t\t\t<\/div>\n\t\t\t\t<\/div>\n\t\t\t\t<div class=\"elementor-element elementor-element-a717681 text-button elementor-widget elementor-widget-text-editor\" data-id=\"a717681\" data-element_type=\"widget\" data-e-type=\"widget\" data-no-translation=\"\" data-widget_type=\"text-editor.default\">\n\t\t\t\t<div class=\"elementor-widget-container\">\n\t\t\t\t\t\t\t\t\t<p><a href=\"https:\/\/nexoneer.at\/en\/team\/team-2\/\">Get to know us<\/a><\/p>\t\t\t\t\t\t\t\t<\/div>\n\t\t\t\t<\/div>\n\t\t\t\t<\/div>\n\t\t\t\t<\/div>\n\t\t<div class=\"elementor-element elementor-element-4368e9b e-con-full e-flex e-con e-child\" data-id=\"4368e9b\" data-element_type=\"container\" data-e-type=\"container\">\n\t\t\t\t<div class=\"elementor-element elementor-element-4fe2927 gradient-ellipse elementor-widget elementor-widget-image\" data-id=\"4fe2927\" data-element_type=\"widget\" data-e-type=\"widget\" data-widget_type=\"image.default\">\n\t\t\t\t<div class=\"elementor-widget-container\">\n\t\t\t\t\t\t\t\t\t\t\t\t\t\t\t<img decoding=\"async\" width=\"800\" height=\"534\" src=\"https:\/\/nexoneer.at\/wp-content\/uploads\/2025\/04\/Team-1024x683.jpg\" class=\"attachment-large size-large wp-image-3390\" alt=\"\" srcset=\"https:\/\/nexoneer.at\/wp-content\/uploads\/2025\/04\/Team-1024x683.jpg 1024w, https:\/\/nexoneer.at\/wp-content\/uploads\/2025\/04\/Team-300x200.jpg 300w, https:\/\/nexoneer.at\/wp-content\/uploads\/2025\/04\/Team-768x512.jpg 768w, https:\/\/nexoneer.at\/wp-content\/uploads\/2025\/04\/Team-1536x1024.jpg 1536w, https:\/\/nexoneer.at\/wp-content\/uploads\/2025\/04\/Team-2048x1365.jpg 2048w, https:\/\/nexoneer.at\/wp-content\/uploads\/2025\/04\/Team-18x12.jpg 18w\" sizes=\"(max-width: 800px) 100vw, 800px\" \/>\t\t\t\t\t\t\t\t\t\t\t\t\t\t\t<\/div>\n\t\t\t\t<\/div>\n\t\t\t\t<\/div>\n\t\t\t\t\t<\/div>\n\t\t\t\t<\/div>\n\t\t<div class=\"elementor-element elementor-element-529f0cc e-flex e-con-boxed e-con e-child\" data-id=\"529f0cc\" data-element_type=\"container\" data-e-type=\"container\" data-settings=\"{&quot;background_background&quot;:&quot;classic&quot;}\">\n\t\t\t\t\t<div class=\"e-con-inner\">\n\t\t<div class=\"elementor-element elementor-element-9c60ea8 e-con-full e-flex e-con e-child\" data-id=\"9c60ea8\" data-element_type=\"container\" data-e-type=\"container\">\n\t\t\t\t<div class=\"elementor-element elementor-element-aa904d4 gradient-ellipse elementor-widget elementor-widget-image\" data-id=\"aa904d4\" data-element_type=\"widget\" data-e-type=\"widget\" data-widget_type=\"image.default\">\n\t\t\t\t<div class=\"elementor-widget-container\">\n\t\t\t\t\t\t\t\t\t\t\t\t\t\t\t<img decoding=\"async\" width=\"800\" height=\"579\" src=\"https:\/\/nexoneer.at\/wp-content\/uploads\/2025\/04\/Dashboard-1024x741.jpg\" class=\"attachment-large size-large wp-image-3293\" alt=\"\" srcset=\"https:\/\/nexoneer.at\/wp-content\/uploads\/2025\/04\/Dashboard-1024x741.jpg 1024w, https:\/\/nexoneer.at\/wp-content\/uploads\/2025\/04\/Dashboard-300x217.jpg 300w, https:\/\/nexoneer.at\/wp-content\/uploads\/2025\/04\/Dashboard-768x556.jpg 768w, https:\/\/nexoneer.at\/wp-content\/uploads\/2025\/04\/Dashboard-1536x1112.jpg 1536w, https:\/\/nexoneer.at\/wp-content\/uploads\/2025\/04\/Dashboard-2048x1482.jpg 2048w, https:\/\/nexoneer.at\/wp-content\/uploads\/2025\/04\/Dashboard-18x12.jpg 18w\" sizes=\"(max-width: 800px) 100vw, 800px\" \/>\t\t\t\t\t\t\t\t\t\t\t\t\t\t\t<\/div>\n\t\t\t\t<\/div>\n\t\t\t\t<\/div>\n\t\t<div class=\"elementor-element elementor-element-478cbd9 e-con-full e-flex e-con e-child\" data-id=\"478cbd9\" data-element_type=\"container\" data-e-type=\"container\" data-settings=\"{&quot;background_background&quot;:&quot;classic&quot;}\">\n\t\t<div class=\"elementor-element elementor-element-38fd579 e-con-full e-flex e-con e-child\" data-id=\"38fd579\" data-element_type=\"container\" data-e-type=\"container\">\n\t\t\t\t<div class=\"elementor-element elementor-element-9474e4a elementor-widget elementor-widget-text-editor\" data-id=\"9474e4a\" data-element_type=\"widget\" data-e-type=\"widget\" data-widget_type=\"text-editor.default\">\n\t\t\t\t<div class=\"elementor-widget-container\">\n\t\t\t\t\t\t\t\t\t<p>02<\/p>\t\t\t\t\t\t\t\t<\/div>\n\t\t\t\t<\/div>\n\t\t\t\t<div class=\"elementor-element elementor-element-0b17844 elementor-widget elementor-widget-html\" data-id=\"0b17844\" data-element_type=\"widget\" data-e-type=\"widget\" data-widget_type=\"html.default\">\n\t\t\t\t<div class=\"elementor-widget-container\">\n\t\t\t\t\t<div style=\"width: 2px; height:75px; background: #626B71; margin: 0 auto;\"><\/div>\t\t\t\t<\/div>\n\t\t\t\t<\/div>\n\t\t\t\t<\/div>\n\t\t<div class=\"elementor-element elementor-element-bff5a72 e-con-full e-flex e-con e-child\" data-id=\"bff5a72\" data-element_type=\"container\" data-e-type=\"container\">\n\t\t\t\t<div class=\"elementor-element elementor-element-8d5647f elementor-widget elementor-widget-heading\" data-id=\"8d5647f\" data-element_type=\"widget\" data-e-type=\"widget\" data-widget_type=\"heading.default\">\n\t\t\t\t<div class=\"elementor-widget-container\">\n\t\t\t\t\t<h3 class=\"elementor-heading-title elementor-size-default\">Success Stories\n<\/h3>\t\t\t\t<\/div>\n\t\t\t\t<\/div>\n\t\t\t\t<div class=\"elementor-element elementor-element-23962f5 elementor-widget elementor-widget-text-editor\" data-id=\"23962f5\" data-element_type=\"widget\" data-e-type=\"widget\" data-widget_type=\"text-editor.default\">\n\t\t\t\t<div class=\"elementor-widget-container\">\n\t\t\t\t\t\t\t\t\t<p>Together with our customers, we realize solutions that work - individually, efficiently and sustainably. Our success stories show how ideas become concrete results. Be inspired by the projects we have already successfully implemented.<\/p>\t\t\t\t\t\t\t\t<\/div>\n\t\t\t\t<\/div>\n\t\t\t\t<div class=\"elementor-element elementor-element-958c8a6 text-button elementor-widget elementor-widget-text-editor\" data-id=\"958c8a6\" data-element_type=\"widget\" data-e-type=\"widget\" data-no-translation=\"\" data-widget_type=\"text-editor.default\">\n\t\t\t\t<div class=\"elementor-widget-container\">\n\t\t\t\t\t<style>.elementor-element-958c8a6{display:none !important}<\/style>\t\t\t\t<\/div>\n\t\t\t\t<\/div>\n\t\t\t\t<div class=\"elementor-element elementor-element-5bc3bc9 text-button elementor-widget elementor-widget-text-editor\" data-id=\"5bc3bc9\" data-element_type=\"widget\" data-e-type=\"widget\" data-no-translation=\"\" data-widget_type=\"text-editor.default\">\n\t\t\t\t<div class=\"elementor-widget-container\">\n\t\t\t\t\t\t\t\t\t<p><a href=\"https:\/\/nexoneer.at\/en\/team\/success-stories\/\">Success Stories<\/a><\/p>\t\t\t\t\t\t\t\t<\/div>\n\t\t\t\t<\/div>\n\t\t\t\t<\/div>\n\t\t\t\t<\/div>\n\t\t\t\t\t<\/div>\n\t\t\t\t<\/div>\n\t\t<div class=\"elementor-element elementor-element-76dcc7c e-flex e-con-boxed e-con e-child\" data-id=\"76dcc7c\" data-element_type=\"container\" data-e-type=\"container\" data-settings=\"{&quot;background_background&quot;:&quot;classic&quot;}\">\n\t\t\t\t\t<div class=\"e-con-inner\">\n\t\t<div class=\"elementor-element elementor-element-305d73f e-con-full e-flex e-con e-child\" data-id=\"305d73f\" data-element_type=\"container\" data-e-type=\"container\" data-settings=\"{&quot;background_background&quot;:&quot;classic&quot;}\">\n\t\t<div class=\"elementor-element elementor-element-b86deda e-con-full e-flex e-con e-child\" data-id=\"b86deda\" data-element_type=\"container\" data-e-type=\"container\">\n\t\t\t\t<div class=\"elementor-element elementor-element-8260ed2 elementor-widget elementor-widget-text-editor\" data-id=\"8260ed2\" data-element_type=\"widget\" data-e-type=\"widget\" data-widget_type=\"text-editor.default\">\n\t\t\t\t<div class=\"elementor-widget-container\">\n\t\t\t\t\t\t\t\t\t<p>03<\/p>\t\t\t\t\t\t\t\t<\/div>\n\t\t\t\t<\/div>\n\t\t\t\t<div class=\"elementor-element elementor-element-f6ea286 elementor-widget elementor-widget-html\" data-id=\"f6ea286\" data-element_type=\"widget\" data-e-type=\"widget\" data-widget_type=\"html.default\">\n\t\t\t\t<div class=\"elementor-widget-container\">\n\t\t\t\t\t<div style=\"width: 2px; height:75px; background: #626B71; margin: 0 auto;\"><\/div>\t\t\t\t<\/div>\n\t\t\t\t<\/div>\n\t\t\t\t<\/div>\n\t\t<div class=\"elementor-element elementor-element-f39b880 e-con-full e-flex e-con e-child\" data-id=\"f39b880\" data-element_type=\"container\" data-e-type=\"container\">\n\t\t\t\t<div class=\"elementor-element elementor-element-a648e45 elementor-widget elementor-widget-heading\" data-id=\"a648e45\" data-element_type=\"widget\" data-e-type=\"widget\" data-widget_type=\"heading.default\">\n\t\t\t\t<div class=\"elementor-widget-container\">\n\t\t\t\t\t<h3 class=\"elementor-heading-title elementor-size-default\">Customers &amp; Partnerships\n<\/h3>\t\t\t\t<\/div>\n\t\t\t\t<\/div>\n\t\t\t\t<div class=\"elementor-element elementor-element-a911821 elementor-widget elementor-widget-text-editor\" data-id=\"a911821\" data-element_type=\"widget\" data-e-type=\"widget\" data-widget_type=\"text-editor.default\">\n\t\t\t\t<div class=\"elementor-widget-container\">\n\t\t\t\t\t\t\t\t\t<p>We support companies from a wide range of industries in their digital transformation through reliable partnerships. Together with our customers, we develop tailor-made solutions that create real added value \u2013 from strategic consulting to operational implementation.<\/p>\t\t\t\t\t\t\t\t<\/div>\n\t\t\t\t<\/div>\n\t\t\t\t<div class=\"elementor-element elementor-element-eab168c text-button elementor-widget elementor-widget-text-editor\" data-id=\"eab168c\" data-element_type=\"widget\" data-e-type=\"widget\" data-no-translation=\"\" data-widget_type=\"text-editor.default\">\n\t\t\t\t<div class=\"elementor-widget-container\">\n\t\t\t\t\t<style>.elementor-element-eab168c{display:none !important}<\/style>\t\t\t\t<\/div>\n\t\t\t\t<\/div>\n\t\t\t\t<div class=\"elementor-element elementor-element-cb9884b text-button elementor-widget elementor-widget-text-editor\" data-id=\"cb9884b\" data-element_type=\"widget\" data-e-type=\"widget\" data-no-translation=\"\" data-widget_type=\"text-editor.default\">\n\t\t\t\t<div class=\"elementor-widget-container\">\n\t\t\t\t\t\t\t\t\t<p><a href=\"https:\/\/nexoneer.at\/team\/kunden\/\">Clients &amp; Partners<\/a><\/p>\t\t\t\t\t\t\t\t<\/div>\n\t\t\t\t<\/div>\n\t\t\t\t<\/div>\n\t\t\t\t<\/div>\n\t\t<div class=\"elementor-element elementor-element-3f0c773 e-con-full e-flex e-con e-child\" data-id=\"3f0c773\" data-element_type=\"container\" data-e-type=\"container\">\n\t\t\t\t<div class=\"elementor-element elementor-element-f655127 gradient-ellipse elementor-widget elementor-widget-image\" data-id=\"f655127\" data-element_type=\"widget\" data-e-type=\"widget\" data-widget_type=\"image.default\">\n\t\t\t\t<div class=\"elementor-widget-container\">\n\t\t\t\t\t\t\t\t\t\t\t\t\t\t\t<img loading=\"lazy\" decoding=\"async\" width=\"800\" height=\"534\" src=\"https:\/\/nexoneer.at\/wp-content\/uploads\/2025\/04\/Zusammenarbiet-1024x683.jpg\" class=\"attachment-large size-large wp-image-1121\" alt=\"\" srcset=\"https:\/\/nexoneer.at\/wp-content\/uploads\/2025\/04\/Zusammenarbiet-1024x683.jpg 1024w, https:\/\/nexoneer.at\/wp-content\/uploads\/2025\/04\/Zusammenarbiet-300x200.jpg 300w, https:\/\/nexoneer.at\/wp-content\/uploads\/2025\/04\/Zusammenarbiet-768x512.jpg 768w, https:\/\/nexoneer.at\/wp-content\/uploads\/2025\/04\/Zusammenarbiet-1536x1024.jpg 1536w, https:\/\/nexoneer.at\/wp-content\/uploads\/2025\/04\/Zusammenarbiet-2048x1365.jpg 2048w, https:\/\/nexoneer.at\/wp-content\/uploads\/2025\/04\/Zusammenarbiet-18x12.jpg 18w\" sizes=\"(max-width: 800px) 100vw, 800px\" \/>\t\t\t\t\t\t\t\t\t\t\t\t\t\t\t<\/div>\n\t\t\t\t<\/div>\n\t\t\t\t<\/div>\n\t\t\t\t\t<\/div>\n\t\t\t\t<\/div>\n\t\t\t\t<\/div>\n\t\t<div class=\"elementor-element elementor-element-0f5b94e e-flex e-con-boxed e-con e-parent\" data-id=\"0f5b94e\" data-element_type=\"container\" data-e-type=\"container\" data-settings=\"{&quot;background_background&quot;:&quot;classic&quot;}\">\n\t\t\t\t\t<div class=\"e-con-inner\">\n\t\t\t\t<div class=\"elementor-element elementor-element-8492e2f elementor-widget elementor-widget-heading\" data-id=\"8492e2f\" data-element_type=\"widget\" data-e-type=\"widget\" data-widget_type=\"heading.default\">\n\t\t\t\t<div class=\"elementor-widget-container\">\n\t\t\t\t\t<h3 class=\"elementor-heading-title elementor-size-default\">Contact<\/h3>\t\t\t\t<\/div>\n\t\t\t\t<\/div>\n\t\t\t\t<div class=\"elementor-element elementor-element-ee11f3f elementor-widget elementor-widget-text-editor\" data-id=\"ee11f3f\" data-element_type=\"widget\" data-e-type=\"widget\" data-widget_type=\"text-editor.default\">\n\t\t\t\t<div class=\"elementor-widget-container\">\n\t\t\t\t\t\t\t\t\t<p>Are you interested, or would you like to join us as a Nexoneer? Have you maybe discovered an error or simply have something to share?<\/p><p>Then please don't hesitate to contact us \u2013 we're looking forward to it!<\/p>\t\t\t\t\t\t\t\t<\/div>\n\t\t\t\t<\/div>\n\t\t\t\t<div class=\"elementor-element elementor-element-ea90b5b text-button elementor-widget elementor-widget-text-editor\" data-id=\"ea90b5b\" data-element_type=\"widget\" data-e-type=\"widget\" data-no-translation=\"\" data-widget_type=\"text-editor.default\">\n\t\t\t\t<div class=\"elementor-widget-container\">\n\t\t\t\t\t<style>.elementor-element-ea90b5b{display:none !important}<\/style>\t\t\t\t<\/div>\n\t\t\t\t<\/div>\n\t\t\t\t<div class=\"elementor-element elementor-element-f91eda8 text-button elementor-widget elementor-widget-text-editor\" data-id=\"f91eda8\" data-element_type=\"widget\" data-e-type=\"widget\" data-no-translation=\"\" data-widget_type=\"text-editor.default\">\n\t\t\t\t<div class=\"elementor-widget-container\">\n\t\t\t\t\t\t\t\t\t<p><a href=\"https:\/\/nexoneer.at\/en\/kontakt\/\">Contact us!<\/a><\/p>\t\t\t\t\t\t\t\t<\/div>\n\t\t\t\t<\/div>\n\t\t\t\t\t<\/div>\n\t\t\t\t<\/div>\n\t\t\t\t<\/div>","protected":false},"excerpt":{"rendered":"<p>\u00dcber uns 01 Das Team Unsere Expert*innen bringen Erfahrung, Leidenschaft und Know-how mit \u2013 und arbeiten t\u00e4glich daran, innovative L\u00f6sungen zu schaffen. Gemeinsam stehen wir f\u00fcr Qualit\u00e4t, Verl\u00e4sslichkeit und partnerschaftliche Zusammenarbeit. Lerne unser Team kennen Get to know us 02 Success Stories Gemeinsam mit unseren Kund*innen realisieren wir L\u00f6sungen, die wirken \u2013 individuell, effizient und [&hellip;]<\/p>","protected":false},"author":1,"featured_media":0,"parent":0,"menu_order":0,"comment_status":"closed","ping_status":"closed","template":"elementor_header_footer","meta":{"footnotes":""},"class_list":["post-19","page","type-page","status-publish","hentry"],"_links":{"self":[{"href":"https:\/\/nexoneer.at\/en\/wp-json\/wp\/v2\/pages\/19","targetHints":{"allow":["GET"]}}],"collection":[{"href":"https:\/\/nexoneer.at\/en\/wp-json\/wp\/v2\/pages"}],"about":[{"href":"https:\/\/nexoneer.at\/en\/wp-json\/wp\/v2\/types\/page"}],"author":[{"embeddable":true,"href":"https:\/\/nexoneer.at\/en\/wp-json\/wp\/v2\/users\/1"}],"replies":[{"embeddable":true,"href":"https:\/\/nexoneer.at\/en\/wp-json\/wp\/v2\/comments?post=19"}],"version-history":[{"count":10,"href":"https:\/\/nexoneer.at\/en\/wp-json\/wp\/v2\/pages\/19\/revisions"}],"predecessor-version":[{"id":3593,"href":"https:\/\/nexoneer.at\/en\/wp-json\/wp\/v2\/pages\/19\/revisions\/3593"}],"wp:attachment":[{"href":"https:\/\/nexoneer.at\/en\/wp-json\/wp\/v2\/media?parent=19"}],"curies":[{"name":"wp","href":"https:\/\/api.w.org\/{rel}","templated":true}]}}